{"id":65,"date":"2025-12-11T15:32:27","date_gmt":"2025-12-11T15:32:27","guid":{"rendered":"https:\/\/novats.ca\/?page_id=65"},"modified":"2026-03-06T09:11:18","modified_gmt":"2026-03-06T04:11:18","slug":"coming-soon","status":"publish","type":"page","link":"https:\/\/novats.ca\/en\/coming-soon\/","title":{"rendered":"Coming Soon"},"content":{"rendered":"<p>[et_pb_section fb_built=\u00a0\u00bb1&Prime; admin_label=\u00a0\u00bbHero\u00a0\u00bb _builder_version=\u00a0\u00bb4.27.5&Prime; background_color=\u00a0\u00bb#00b3d3&Prime; use_background_color_gradient=\u00a0\u00bbon\u00a0\u00bb background_color_gradient_direction=\u00a0\u00bb60deg\u00a0\u00bb background_color_gradient_stops=\u00a0\u00bb#8834fd 0%|#c756ec 100%\u00a0\u00bb background_color_gradient_start=\u00a0\u00bb#8834fd\u00a0\u00bb background_color_gradient_end=\u00a0\u00bb#c756ec\u00a0\u00bb custom_padding=\u00a0\u00bb160px|0px|160px|0px\u00a0\u00bb global_colors_info=\u00a0\u00bb{}\u00a0\u00bb][et_pb_row column_structure=\u00a0\u00bb1_2,1_2&Prime; _builder_version=\u00a0\u00bb4.16&Prime; width=\u00a0\u00bb83.5%\u00a0\u00bb min_height=\u00a0\u00bb506.9px\u00a0\u00bb custom_margin=\u00a0\u00bb-29px|auto|0px|auto||\u00a0\u00bb custom_padding=\u00a0\u00bb|||\u00a0\u00bb global_colors_info=\u00a0\u00bb{}\u00a0\u00bb][et_pb_column type=\u00a0\u00bb1_2&Prime; _builder_version=\u00a0\u00bb4.16&Prime; custom_padding=\u00a0\u00bb||60px|\u00a0\u00bb global_colors_info=\u00a0\u00bb{}\u00a0\u00bb custom_padding__hover=\u00a0\u00bb|||\u00a0\u00bb][et_pb_text _builder_version=\u00a0\u00bb4.27.6&Prime; text_font=\u00a0\u00bbOpen Sans|600||on|||||\u00a0\u00bb text_line_height=\u00a0\u00bb1.8em\u00a0\u00bb header_font=\u00a0\u00bbOpen Sans|600|||||||\u00a0\u00bb header_font_size=\u00a0\u00bb14px\u00a0\u00bb background_layout=\u00a0\u00bbdark\u00a0\u00bb max_width=\u00a0\u00bb550px\u00a0\u00bb custom_margin=\u00a0\u00bb|||\u00a0\u00bb custom_padding=\u00a0\u00bb||0px|||\u00a0\u00bb global_colors_info=\u00a0\u00bb{}\u00a0\u00bb]<\/p>\n<p>L\u2019intelligence au service de vos dossiers.<\/p>\n<p>[\/et_pb_text][et_pb_signup mailchimp_list=\u00a0\u00bbhello@novatsca|39a77f9cc2&Prime; name_field=\u00a0\u00bbon\u00a0\u00bb button_text=\u00a0\u00bbDemander un acc\u00e8s anticip\u00e9\u00a0\u00bb description=\u00a0\u00bb<\/p>\n<p data-path-to-node=%227,0%22><b data-path-to-node=%227,0%22 data-index-in-node=%220%22>Priorit\u00e9 \u00e0 l&rsquo;intervention.<\/b><\/p>\n<p data-path-to-node=%227,1%22>Rejoignez notre liste d&rsquo;acc\u00e8s anticip\u00e9 pour tester nos outils en priorit\u00e9 et influencer le d\u00e9veloppement de l&rsquo;IA en services sociaux.<\/p>\n<p>\u00a0\u00bb _builder_version=\u00a0\u00bb4.27.6&Prime; header_font=\u00a0\u00bbPoppins||||||||\u00a0\u00bb header_font_size=\u00a0\u00bb36px\u00a0\u00bb header_line_height=\u00a0\u00bb1.4em\u00a0\u00bb body_font=\u00a0\u00bb|600|||||||\u00a0\u00bb body_font_size=\u00a0\u00bb16px\u00a0\u00bb body_line_height=\u00a0\u00bb1.8em\u00a0\u00bb use_background_color=\u00a0\u00bboff\u00a0\u00bb custom_button=\u00a0\u00bbon\u00a0\u00bb button_text_size=\u00a0\u00bb14px\u00a0\u00bb button_text_color=\u00a0\u00bb#ffffff\u00a0\u00bb button_bg_color=\u00a0\u00bb#2b9cf2&Prime; button_border_width=\u00a0\u00bb6px\u00a0\u00bb button_border_color=\u00a0\u00bb#2b9cf2&Prime; button_border_radius=\u00a0\u00bb100px\u00a0\u00bb button_letter_spacing=\u00a0\u00bb1px\u00a0\u00bb button_font=\u00a0\u00bbPoppins|600||on|||||\u00a0\u00bb button_use_icon=\u00a0\u00bboff\u00a0\u00bb hover_enabled=\u00a0\u00bb0&Prime; button_letter_spacing_tablet=\u00a0\u00bb\u00a0\u00bb button_letter_spacing_phone=\u00a0\u00bb\u00a0\u00bb button_letter_spacing_last_edited=\u00a0\u00bbon|desktop\u00a0\u00bb border_radii_fields=\u00a0\u00bbon|100px|100px|100px|100px\u00a0\u00bb locked=\u00a0\u00bboff\u00a0\u00bb global_colors_info=\u00a0\u00bb{}\u00a0\u00bb button_text_size__hover_enabled=\u00a0\u00bboff\u00a0\u00bb button_one_text_size__hover_enabled=\u00a0\u00bboff\u00a0\u00bb button_two_text_size__hover_enabled=\u00a0\u00bboff\u00a0\u00bb button_text_color__hover_enabled=\u00a0\u00bboff\u00a0\u00bb button_one_text_color__hover_enabled=\u00a0\u00bboff\u00a0\u00bb button_two_text_color__hover_enabled=\u00a0\u00bboff\u00a0\u00bb button_border_width__hover_enabled=\u00a0\u00bboff\u00a0\u00bb button_one_border_width__hover_enabled=\u00a0\u00bboff\u00a0\u00bb button_two_border_width__hover_enabled=\u00a0\u00bboff\u00a0\u00bb button_border_color__hover_enabled=\u00a0\u00bboff\u00a0\u00bb button_one_border_color__hover_enabled=\u00a0\u00bboff\u00a0\u00bb button_two_border_color__hover_enabled=\u00a0\u00bboff\u00a0\u00bb button_border_radius__hover_enabled=\u00a0\u00bboff\u00a0\u00bb button_one_border_radius__hover_enabled=\u00a0\u00bboff\u00a0\u00bb button_two_border_radius__hover_enabled=\u00a0\u00bboff\u00a0\u00bb button_letter_spacing__hover_enabled=\u00a0\u00bboff\u00a0\u00bb button_one_letter_spacing__hover_enabled=\u00a0\u00bboff\u00a0\u00bb button_two_letter_spacing__hover_enabled=\u00a0\u00bboff\u00a0\u00bb button_bg_color__hover_enabled=\u00a0\u00bboff\u00a0\u00bb button_one_bg_color__hover_enabled=\u00a0\u00bboff\u00a0\u00bb button_two_bg_color__hover_enabled=\u00a0\u00bboff\u00a0\u00bb sticky_enabled=\u00a0\u00bb0&Prime;]Obtenez un acc\u00e8s prioritaire aux programmes pilotes, aux nouvelles fonctionnalit\u00e9s et aux derniers travaux de recherche en intelligence de dossiers.<br \/>\n[\/et_pb_signup][\/et_pb_column][et_pb_column type=\u00a0\u00bb1_2&Prime; _builder_version=\u00a0\u00bb4.16&Prime; custom_padding=\u00a0\u00bb|||\u00a0\u00bb global_colors_info=\u00a0\u00bb{}\u00a0\u00bb custom_padding__hover=\u00a0\u00bb|||\u00a0\u00bb][et_pb_image src=\u00a0\u00bbhttps:\/\/novats.ca\/wp-content\/uploads\/2026\/03\/Screenshot-2026-03-03-at-2.52.41-PM.png\u00a0\u00bb title_text=\u00a0\u00bbScreenshot 2026-03-03 at 2.52.41\u202fPM\u00a0\u00bb _builder_version=\u00a0\u00bb4.27.6&Prime; _module_preset=\u00a0\u00bbdefault\u00a0\u00bb width=\u00a0\u00bb99%\u00a0\u00bb min_height=\u00a0\u00bb401.4px\u00a0\u00bb custom_margin=\u00a0\u00bb-21px|-110px|-5px|||\u00a0\u00bb custom_padding=\u00a0\u00bb0px||0px|0px||\u00a0\u00bb global_colors_info=\u00a0\u00bb{}\u00a0\u00bb][\/et_pb_image][\/et_pb_column][\/et_pb_row][\/et_pb_section]<\/p>\n","protected":false},"excerpt":{"rendered":"<p>L\u2019intelligence au service de vos dossiers.Obtenez un acc\u00e8s prioritaire aux programmes pilotes, aux nouvelles fonctionnalit\u00e9s et aux derniers travaux de recherche en intelligence de dossiers.<\/p>","protected":false},"author":2,"featured_media":139,"parent":0,"menu_order":0,"comment_status":"closed","ping_status":"closed","template":"","meta":{"_et_pb_use_builder":"on","_et_pb_old_content":"","_et_gb_content_width":"","footnotes":""},"class_list":["post-65","page","type-page","status-publish","has-post-thumbnail","hentry"],"yoast_head":"<!-- This site is optimized with the Yoast SEO plugin v27.4 - https:\/\/yoast.com\/product\/yoast-seo-wordpress\/ -->\n<title>Coming Soon - NovaTS<\/title>\n<meta name=\"robots\" content=\"index, follow, max-snippet:-1, max-image-preview:large, max-video-preview:-1\" \/>\n<link rel=\"canonical\" href=\"https:\/\/novats.ca\/en\/coming-soon\/\" \/>\n<meta property=\"og:locale\" content=\"en_US\" \/>\n<meta property=\"og:type\" content=\"article\" \/>\n<meta property=\"og:title\" content=\"Coming Soon - NovaTS\" \/>\n<meta property=\"og:description\" content=\"L\u2019intelligence au service de vos dossiers.Obtenez un acc\u00e8s prioritaire aux programmes pilotes, aux nouvelles fonctionnalit\u00e9s et aux derniers travaux de recherche en intelligence de dossiers.\" \/>\n<meta property=\"og:url\" content=\"https:\/\/novats.ca\/en\/coming-soon\/\" \/>\n<meta property=\"og:site_name\" content=\"NovaTS\" \/>\n<meta property=\"article:modified_time\" content=\"2026-03-06T04:11:18+00:00\" \/>\n<meta property=\"og:image\" content=\"https:\/\/novats.ca\/wp-content\/uploads\/2026\/02\/Screenshot-2026-02-06-at-4.11.39-PM-1024x689.png\" \/>\n\t<meta property=\"og:image:width\" content=\"1024\" \/>\n\t<meta property=\"og:image:height\" content=\"689\" \/>\n\t<meta property=\"og:image:type\" content=\"image\/png\" \/>\n<meta name=\"twitter:card\" content=\"summary_large_image\" \/>\n<meta name=\"twitter:label1\" content=\"Est. reading time\" \/>\n\t<meta name=\"twitter:data1\" content=\"1 minute\" \/>\n<script type=\"application\/ld+json\" class=\"yoast-schema-graph\">{\"@context\":\"https:\\\/\\\/schema.org\",\"@graph\":[{\"@type\":\"WebPage\",\"@id\":\"https:\\\/\\\/novats.ca\\\/coming-soon\\\/\",\"url\":\"https:\\\/\\\/novats.ca\\\/coming-soon\\\/\",\"name\":\"Coming Soon - NovaTS\",\"isPartOf\":{\"@id\":\"https:\\\/\\\/novats.ca\\\/#website\"},\"primaryImageOfPage\":{\"@id\":\"https:\\\/\\\/novats.ca\\\/coming-soon\\\/#primaryimage\"},\"image\":{\"@id\":\"https:\\\/\\\/novats.ca\\\/coming-soon\\\/#primaryimage\"},\"thumbnailUrl\":\"https:\\\/\\\/novats.ca\\\/wp-content\\\/uploads\\\/2026\\\/02\\\/Screenshot-2026-02-06-at-4.11.39-PM.png\",\"datePublished\":\"2025-12-11T15:32:27+00:00\",\"dateModified\":\"2026-03-06T04:11:18+00:00\",\"breadcrumb\":{\"@id\":\"https:\\\/\\\/novats.ca\\\/coming-soon\\\/#breadcrumb\"},\"inLanguage\":\"en-US\",\"potentialAction\":[{\"@type\":\"ReadAction\",\"target\":[\"https:\\\/\\\/novats.ca\\\/coming-soon\\\/\"]}]},{\"@type\":\"ImageObject\",\"inLanguage\":\"en-US\",\"@id\":\"https:\\\/\\\/novats.ca\\\/coming-soon\\\/#primaryimage\",\"url\":\"https:\\\/\\\/novats.ca\\\/wp-content\\\/uploads\\\/2026\\\/02\\\/Screenshot-2026-02-06-at-4.11.39-PM.png\",\"contentUrl\":\"https:\\\/\\\/novats.ca\\\/wp-content\\\/uploads\\\/2026\\\/02\\\/Screenshot-2026-02-06-at-4.11.39-PM.png\",\"width\":2108,\"height\":1418},{\"@type\":\"BreadcrumbList\",\"@id\":\"https:\\\/\\\/novats.ca\\\/coming-soon\\\/#breadcrumb\",\"itemListElement\":[{\"@type\":\"ListItem\",\"position\":1,\"name\":\"Home\",\"item\":\"https:\\\/\\\/novats.ca\\\/\"},{\"@type\":\"ListItem\",\"position\":2,\"name\":\"Coming Soon\"}]},{\"@type\":\"WebSite\",\"@id\":\"https:\\\/\\\/novats.ca\\\/#website\",\"url\":\"https:\\\/\\\/novats.ca\\\/\",\"name\":\"NovaTS\",\"description\":\"\",\"potentialAction\":[{\"@type\":\"SearchAction\",\"target\":{\"@type\":\"EntryPoint\",\"urlTemplate\":\"https:\\\/\\\/novats.ca\\\/?s={search_term_string}\"},\"query-input\":{\"@type\":\"PropertyValueSpecification\",\"valueRequired\":true,\"valueName\":\"search_term_string\"}}],\"inLanguage\":\"en-US\"}]}<\/script>\n<!-- \/ Yoast SEO plugin. -->","yoast_head_json":{"title":"Coming Soon - NovaTS","robots":{"index":"index","follow":"follow","max-snippet":"max-snippet:-1","max-image-preview":"max-image-preview:large","max-video-preview":"max-video-preview:-1"},"canonical":"https:\/\/novats.ca\/en\/coming-soon\/","og_locale":"en_US","og_type":"article","og_title":"Coming Soon - NovaTS","og_description":"L\u2019intelligence au service de vos dossiers.Obtenez un acc\u00e8s prioritaire aux programmes pilotes, aux nouvelles fonctionnalit\u00e9s et aux derniers travaux de recherche en intelligence de dossiers.","og_url":"https:\/\/novats.ca\/en\/coming-soon\/","og_site_name":"NovaTS","article_modified_time":"2026-03-06T04:11:18+00:00","og_image":[{"width":1024,"height":689,"url":"https:\/\/novats.ca\/wp-content\/uploads\/2026\/02\/Screenshot-2026-02-06-at-4.11.39-PM-1024x689.png","type":"image\/png"}],"twitter_card":"summary_large_image","twitter_misc":{"Est. reading time":"1 minute"},"schema":{"@context":"https:\/\/schema.org","@graph":[{"@type":"WebPage","@id":"https:\/\/novats.ca\/coming-soon\/","url":"https:\/\/novats.ca\/coming-soon\/","name":"Coming Soon - NovaTS","isPartOf":{"@id":"https:\/\/novats.ca\/#website"},"primaryImageOfPage":{"@id":"https:\/\/novats.ca\/coming-soon\/#primaryimage"},"image":{"@id":"https:\/\/novats.ca\/coming-soon\/#primaryimage"},"thumbnailUrl":"https:\/\/novats.ca\/wp-content\/uploads\/2026\/02\/Screenshot-2026-02-06-at-4.11.39-PM.png","datePublished":"2025-12-11T15:32:27+00:00","dateModified":"2026-03-06T04:11:18+00:00","breadcrumb":{"@id":"https:\/\/novats.ca\/coming-soon\/#breadcrumb"},"inLanguage":"en-US","potentialAction":[{"@type":"ReadAction","target":["https:\/\/novats.ca\/coming-soon\/"]}]},{"@type":"ImageObject","inLanguage":"en-US","@id":"https:\/\/novats.ca\/coming-soon\/#primaryimage","url":"https:\/\/novats.ca\/wp-content\/uploads\/2026\/02\/Screenshot-2026-02-06-at-4.11.39-PM.png","contentUrl":"https:\/\/novats.ca\/wp-content\/uploads\/2026\/02\/Screenshot-2026-02-06-at-4.11.39-PM.png","width":2108,"height":1418},{"@type":"BreadcrumbList","@id":"https:\/\/novats.ca\/coming-soon\/#breadcrumb","itemListElement":[{"@type":"ListItem","position":1,"name":"Home","item":"https:\/\/novats.ca\/"},{"@type":"ListItem","position":2,"name":"Coming Soon"}]},{"@type":"WebSite","@id":"https:\/\/novats.ca\/#website","url":"https:\/\/novats.ca\/","name":"NovaTS","description":"","potentialAction":[{"@type":"SearchAction","target":{"@type":"EntryPoint","urlTemplate":"https:\/\/novats.ca\/?s={search_term_string}"},"query-input":{"@type":"PropertyValueSpecification","valueRequired":true,"valueName":"search_term_string"}}],"inLanguage":"en-US"}]}},"_links":{"self":[{"href":"https:\/\/novats.ca\/en\/wp-json\/wp\/v2\/pages\/65","targetHints":{"allow":["GET"]}}],"collection":[{"href":"https:\/\/novats.ca\/en\/wp-json\/wp\/v2\/pages"}],"about":[{"href":"https:\/\/novats.ca\/en\/wp-json\/wp\/v2\/types\/page"}],"author":[{"embeddable":true,"href":"https:\/\/novats.ca\/en\/wp-json\/wp\/v2\/users\/2"}],"replies":[{"embeddable":true,"href":"https:\/\/novats.ca\/en\/wp-json\/wp\/v2\/comments?post=65"}],"version-history":[{"count":27,"href":"https:\/\/novats.ca\/en\/wp-json\/wp\/v2\/pages\/65\/revisions"}],"predecessor-version":[{"id":316,"href":"https:\/\/novats.ca\/en\/wp-json\/wp\/v2\/pages\/65\/revisions\/316"}],"wp:featuredmedia":[{"embeddable":true,"href":"https:\/\/novats.ca\/en\/wp-json\/wp\/v2\/media\/139"}],"wp:attachment":[{"href":"https:\/\/novats.ca\/en\/wp-json\/wp\/v2\/media?parent=65"}],"curies":[{"name":"wp","href":"https:\/\/api.w.org\/{rel}","templated":true}]}}